{"id":60,"date":"2018-08-03T16:39:50","date_gmt":"2018-08-03T14:39:50","guid":{"rendered":"https:\/\/login.login.pluginkollektiv.org\/deutsch\/main\/?page_id=60"},"modified":"2021-12-26T14:54:51","modified_gmt":"2021-12-26T13:54:51","slug":"plugins","status":"publish","type":"page","link":"https:\/\/pluginkollektiv.org\/de\/plugins\/","title":{"rendered":"Plugins"},"content":{"rendered":"\n<h2 class=\"wp-block-heading\"><a href=\"https:\/\/de.wordpress.org\/plugins\/antispam-bee\/\">Antispam Bee<\/a><\/h2>\n\n\n\n<h3 class=\"wp-block-heading\">Stoppt Kommentar-Spam.<\/h3>\n\n\n\n<div class=\"wp-block-image\"><figure class=\"alignright\"><img loading=\"lazy\" decoding=\"async\" width=\"128\" height=\"128\" src=\"https:\/\/pluginkollektiv.org\/de\/wp-content\/uploads\/sites\/5\/2018\/09\/AntispamBee-icon-128x128.png\" alt=\"\" class=\"wp-image-121\"\/><\/figure><\/div>\n\n\n\n<p>Verabschiede dich von Kommentar-Spam auf deiner WordPress-Seite oder deinem Blog. Antispam Bee erkennt Spam-Kommenater oder -Trackbacks effektiv, ohne dabei auf Captchas zur\u00fcckzugreifen oder pers\u00f6nliche Daten an Dritte zu versenden. Antispam Bee ist kostenfrei nutzbar, werbefrei und 100% DSGVO-konform.<\/p>\n\n\n\n<div class=\"wp-block-buttons is-layout-flex wp-block-buttons-is-layout-flex\">\n<div class=\"wp-block-button\"><a class=\"wp-block-button__link\" href=\"https:\/\/de.wordpress.org\/plugins\/antispam-bee\/\">Plugin auf WordPress.org<\/a><\/div>\n\n\n\n<div class=\"wp-block-button\"><a class=\"wp-block-button__link\" href=\"https:\/\/antispambee.pluginkollektiv.org\/de\/dokumentation\/\">Dokumentation<\/a><\/div>\n<\/div>\n\n\n\n<div style=\"height:60px\" aria-hidden=\"true\" class=\"wp-block-spacer\"><\/div>\n\n\n\n<h2 class=\"wp-block-heading\"><a href=\"https:\/\/de.wordpress.org\/plugins\/antivirus\/\">AntiVirus<\/a><\/h2>\n\n\n\n<h3 class=\"wp-block-heading\">Sucht nach verd\u00e4chtigem Code.<\/h3>\n\n\n\n<div class=\"wp-block-image\"><figure class=\"alignright\"><img loading=\"lazy\" decoding=\"async\" width=\"128\" height=\"128\" src=\"https:\/\/pluginkollektiv.org\/de\/wp-content\/uploads\/sites\/5\/2018\/09\/AntiVirus-icon-128x128.png\" alt=\"\" class=\"wp-image-122\"\/><\/figure><\/div>\n\n\n\n<p><em>AntiVirus f\u00fcr WordPress<\/em>&nbsp;ist ein einfach nutzbares Werkzeug zum H\u00e4rten deines WordPress&#8216; gegen Sicherheitsl\u00fccken, Malware und ungewollte Ver\u00e4nderungen am Code. Du kannst&nbsp;<em>AntiVirus<\/em>&nbsp;so konfigurieren, dass es jeden Tag einen automatischen Scan deiner Datenbank-Tabellen, sowie Theme- und Plugin-Dateien durchf\u00fchrt. Findet das Plugin verd\u00e4chtige Code-Fragmente, wird es dir eine Benachrichtigung an eine vorher festgelegte E-Mail-Adresse senden. F\u00fcr den Fall, dass deine Seite gehackt wurde, hilft dir &nbsp;<em>AntiVirus<\/em>, das Problem schnell zu erkennen und sofort Gegenma\u00dfnahmen ergreifen zu k\u00f6nnen.<\/p>\n\n\n\n<div class=\"wp-block-buttons is-layout-flex wp-block-buttons-is-layout-flex\">\n<div class=\"wp-block-button\"><a class=\"wp-block-button__link\" href=\"https:\/\/de.wordpress.org\/plugins\/antivirus\/\">Plugin auf WordPress.org<\/a><\/div>\n\n\n\n<div class=\"wp-block-button\"><a class=\"wp-block-button__link\" href=\"https:\/\/antivirus.pluginkollektiv.org\/de\/documentation\/\">Dokumentation<\/a><\/div>\n<\/div>\n\n\n\n<div style=\"height:60px\" aria-hidden=\"true\" class=\"wp-block-spacer\"><\/div>\n\n\n\n<h2 class=\"wp-block-heading\"><a href=\"https:\/\/de.wordpress.org\/plugins\/statify\/\">Statify<\/a><\/h2>\n\n\n\n<h3 class=\"wp-block-heading\">Zugriffsstatistiken. Von Anfang an datenschutzkonform.<\/h3>\n\n\n\n<div class=\"wp-block-image\"><figure class=\"alignright\"><img loading=\"lazy\" decoding=\"async\" width=\"128\" height=\"128\" src=\"https:\/\/pluginkollektiv.org\/de\/wp-content\/uploads\/sites\/5\/2018\/09\/Statiify-icon-128x128.png\" alt=\"\" class=\"wp-image-131\"\/><\/figure><\/div>\n\n\n\n<p>Statify bietet einen einfachen und kompakten\u00dcberblick \u00fcber die Anzahl der Aufrufe deiner WordPress-Seite. Es ist datenschutzfreundlich, da es weder Cookies gesetzt noch Daten an Dritte weitergegeben werden. Zus\u00e4tzlich zu einem interaktiven Diagramm folgen Listen der g\u00e4ngigsten Referenzquellen und Zielseiten. Der Zeitraum der Statistiken und die L\u00e4nge der Listen k\u00f6nnen direkt im Dashboard-Widget eingestellt werden.<\/p>\n\n\n\n<div class=\"wp-block-buttons is-layout-flex wp-block-buttons-is-layout-flex\">\n<div class=\"wp-block-button\"><a class=\"wp-block-button__link\" href=\"https:\/\/de.wordpress.org\/plugins\/statify\/\">Plugin auf WordPress.org<\/a><\/div>\n\n\n\n<div class=\"wp-block-button\"><a class=\"wp-block-button__link\" href=\"https:\/\/statify.pluginkollektiv.org\/de\/documentation\/\">Dokumentation<\/a><\/div>\n<\/div>\n\n\n\n<div style=\"height:60px\" aria-hidden=\"true\" class=\"wp-block-spacer\"><\/div>\n\n\n\n<h2 class=\"wp-block-heading\"><a href=\"https:\/\/de.wordpress.org\/plugins\/cachify\/\">Cachify<\/a><\/h2>\n\n\n\n<h3 class=\"wp-block-heading\">Verbessert deine Ladezeit.<\/h3>\n\n\n\n<div class=\"wp-block-image\"><figure class=\"alignright\"><img loading=\"lazy\" decoding=\"async\" width=\"128\" height=\"128\" src=\"https:\/\/pluginkollektiv.org\/de\/wp-content\/uploads\/sites\/5\/2018\/09\/Cachify-icon-128x128.png\" alt=\"\" class=\"wp-image-124\"\/><\/figure><\/div>\n\n\n\n<p><em>Cachify<\/em> optimiert die Ladezeit deiner Seite, indem es Beitr\u00e4ge, Seiten und benutzerdefinierte Inhalte als statisches HTML zwischenspeichert. Du kannst zwischen dem Caching \u00fcber die Datenbank, auf der Festplatte des Webservers (HDD) oder &#8211; dank APC (Alternative PHP Cache) &#8211; direkt im Systemcache des Webservers w\u00e4hlen. Wann immer ein Inhalt geladen wird, kann er direkt aus dem Cache gezogen werden. Die Anzahl der Datenbankabfragen und PHP-Anfragen geht, abh\u00e4ngig von der gew\u00e4hlten Caching-Methode, gegen Null.<\/p>\n\n\n\n<div class=\"wp-block-buttons is-layout-flex wp-block-buttons-is-layout-flex\">\n<div class=\"wp-block-button\"><a class=\"wp-block-button__link\" href=\"https:\/\/de.wordpress.org\/plugins\/cachify\/\">Plugin auf WordPress.org<\/a><\/div>\n\n\n\n<div class=\"wp-block-button\"><a class=\"wp-block-button__link\" href=\"https:\/\/cachify.pluginkollektiv.org\/de\/documentation\/\">Dokumentation<\/a><\/div>\n<\/div>\n\n\n\n<div style=\"height:60px\" aria-hidden=\"true\" class=\"wp-block-spacer\"><\/div>\n\n\n\n<h2 class=\"wp-block-heading\"><a href=\"https:\/\/de.wordpress.org\/plugins\/snitch\/\">Snitch<\/a><\/h2>\n\n\n\n<h3 class=\"wp-block-heading\">\u00dcberwacht ausgehende Verbindungen.<\/h3>\n\n\n\n<div class=\"wp-block-image\"><figure class=\"alignright\"><img loading=\"lazy\" decoding=\"async\" width=\"128\" height=\"128\" src=\"https:\/\/pluginkollektiv.org\/de\/wp-content\/uploads\/sites\/5\/2018\/09\/Snitch-icon-128x128.png\" alt=\"\" class=\"wp-image-130\"\/><\/figure><\/div>\n\n\n\n<p><em>Snitch<\/em> ist ein Netzwerkmonitor f\u00fcr WordPress und bietet neben eine \u00dcbersicht der ausgehenden Verbindungen zu Drittanbieter-Diensten auch die M\u00f6glichkeit, diesen Datenverkehr zu steuern. Snitch schreibt ein Protokoll \u00fcber autorisierte und blockierte Verbindungsversuche. Eine Gesamtansicht bietet Transparenz und die M\u00f6glichkeit, ausgehende Verbindungen, etwa von Plugins, Themes oder WordPress, bei Bedarf zu unterbinden.<\/p>\n\n\n\n<div class=\"wp-block-buttons is-layout-flex wp-block-buttons-is-layout-flex\">\n<div class=\"wp-block-button\"><a class=\"wp-block-button__link\" href=\"https:\/\/de.wordpress.org\/plugins\/snitch\/\">Plugin auf WordPress.org<\/a><\/div>\n\n\n\n<div class=\"wp-block-button\"><a class=\"wp-block-button__link\" href=\"https:\/\/snitch.pluginkollektiv.org\/de\/dokumentation\/\">Dokumentation<\/a><\/div>\n<\/div>\n\n\n\n<div style=\"height:60px\" aria-hidden=\"true\" class=\"wp-block-spacer\"><\/div>\n\n\n\n<h2 class=\"wp-block-heading\"><a href=\"https:\/\/de.wordpress.org\/plugins\/spcl\/\">Save Post. Check Links.<\/a><\/h2>\n\n\n\n<h3 class=\"wp-block-heading\">Pr\u00fcft Links vor dem Ver\u00f6ffentlichen.<\/h3>\n\n\n\n<div class=\"wp-block-image\"><figure class=\"alignright\"><img loading=\"lazy\" decoding=\"async\" width=\"128\" height=\"128\" src=\"https:\/\/pluginkollektiv.org\/de\/wp-content\/uploads\/sites\/5\/2018\/09\/SavePostCheckLinks-icon-128x128.png\" alt=\"\" class=\"wp-image-128\"\/><\/figure><\/div>\n\n\n\n<p><em>Save Post. Check Links.<\/em> \u00dcberpr\u00fcft interne und externe Links auf WordPress-Artikeln und -Seiten. Das Plugin erkennt Tipp- und Kopierfehler in Links und Bildpfaden. Der Vorteil: Fehlerhafte Website-Links und Bildreferenzen werden erkannt, bevor die Artikel ver\u00f6ffentlicht und vom Autor korrigiert werden. Beim Speichern oder Ver\u00f6ffentlichen von Artikeln sucht das Plugin nach allen URLs aus dem Inhalt und \u00fcberpr\u00fcft sie auf Richtigkeit\/Zug\u00e4nglichkeit. Das Plugin listet fehlerhafte Links zusammen mit ihrer Ursache (Fehlercode) zur \u00dcberpr\u00fcfung und Korrektur auf.<\/p>\n\n\n\n<div class=\"wp-block-buttons is-layout-flex wp-block-buttons-is-layout-flex\">\n<div class=\"wp-block-button\"><a class=\"wp-block-button__link\" href=\"https:\/\/de.wordpress.org\/plugins\/spcl\/\">Plugin auf WordPress.org<\/a><\/div>\n<\/div>\n","protected":false},"excerpt":{"rendered":"<p>Antispam Bee Stoppt Kommentar-Spam. Verabschiede dich von Kommentar-Spam auf deiner WordPress-Seite oder deinem Blog. Antispam Bee erkennt Spam-Kommenater oder -Trackbacks effektiv, ohne dabei auf Captchas zur\u00fcckzugreifen oder pers\u00f6nliche Daten an Dritte zu versenden. Antispam Bee ist kostenfrei nutzbar, werbefrei und 100% DSGVO-konform. AntiVirus Sucht nach verd\u00e4chtigem Code. AntiVirus f\u00fcr WordPress&nbsp;ist ein einfach nutzbares Werkzeug zum &hellip;<\/p>\n","protected":false},"author":1,"featured_media":0,"parent":0,"menu_order":20,"comment_status":"closed","ping_status":"closed","template":"","meta":{"footnotes":""},"class_list":["post-60","page","type-page","status-publish","hentry","post","without-featured-image"],"_links":{"self":[{"href":"https:\/\/pluginkollektiv.org\/de\/wp-json\/wp\/v2\/pages\/60","targetHints":{"allow":["GET"]}}],"collection":[{"href":"https:\/\/pluginkollektiv.org\/de\/wp-json\/wp\/v2\/pages"}],"about":[{"href":"https:\/\/pluginkollektiv.org\/de\/wp-json\/wp\/v2\/types\/page"}],"author":[{"embeddable":true,"href":"https:\/\/pluginkollektiv.org\/de\/wp-json\/wp\/v2\/users\/1"}],"replies":[{"embeddable":true,"href":"https:\/\/pluginkollektiv.org\/de\/wp-json\/wp\/v2\/comments?post=60"}],"version-history":[{"count":14,"href":"https:\/\/pluginkollektiv.org\/de\/wp-json\/wp\/v2\/pages\/60\/revisions"}],"predecessor-version":[{"id":421,"href":"https:\/\/pluginkollektiv.org\/de\/wp-json\/wp\/v2\/pages\/60\/revisions\/421"}],"wp:attachment":[{"href":"https:\/\/pluginkollektiv.org\/de\/wp-json\/wp\/v2\/media?parent=60"}],"curies":[{"name":"wp","href":"https:\/\/api.w.org\/{rel}","templated":true}]}}