{"id":6,"date":"2018-06-06T11:07:19","date_gmt":"2018-06-06T09:07:19","guid":{"rendered":"https:\/\/login.login.pluginkollektiv.org\/deutsch\/main\/?page_id=6"},"modified":"2019-12-05T12:00:54","modified_gmt":"2019-12-05T11:00:54","slug":"home","status":"publish","type":"page","link":"https:\/\/pluginkollektiv.org\/de\/","title":{"rendered":"Triff das Kollektiv"},"content":{"rendered":"\n<p>Das Pluginkollektiv ist eine Gruppe von WordPress-Menschen aus Deutschland und ganz Europa. Wir haben uns zusammengefunden, um einige beliebte Plugins im WordPress.org-Plugin-Verzeichnis zu pflegen. Schonmal von Antispam Bee, Statify oder Cachify geh\u00f6rt? Das geht auf unsere Kappe.&nbsp;\ud83d\ude42<\/p>\n\n\n\n<h2 class=\"wp-block-heading\">Das Team<\/h2>\n\n\n\n<p>Du hast es dir vielleicht schon gedacht: das Pluginkollektiv besteht aus echten Menschen. Die meisten von uns sind auf die eine oder andere Art mit dem WordPress-\u00d6kosystem verbunden. Einige sind Freelancer Entwickler, andere konzentrieren sich auf Interfaces, wieder andere auf Barrierefreiheit, Projekt-Management oder \u00dcbersetzung. Was das Team eint sind die gemeinsamen, tiefen Wurzeln in der WordPress-Community \u2013 triff uns auf einem&nbsp;<a href=\"https:\/\/wordcamp.org\/\">WordCamp<\/a>&nbsp;oder <a href=\"https:\/\/wpmeetups.de\/\">Meetup<\/a> und lass uns quatschen.<\/p>\n\n\n\n<p>Was wir sonst noch gemeinsam haben? Wir alle arbeiten ehrenamtlich im Pluginkollektiv. In unserer Freizeit, unbezahlt. Das Kollektiv verdient nicht wirklich Geld, wir \u00fcbernehmen als Gruppe keine Kundenauftr\u00e4ge, sind keine Agentur und wir k\u00f6nnen dir auch nicht mit deinem neuesten Projekt helfen. Aber eins k\u00f6nnen wir f\u00fcr dich tun: dich mit&nbsp;<a href=\"https:\/\/pluginkollektiv.org\/de\/plugins\/\">einer Reihe gro\u00dfartiger Plugins<\/a>&nbsp;versorgen.<br><\/p>\n\n\n\n<h2 class=\"wp-block-heading\">Aktive ContributorInnen<\/h2>\n\n\n\n<div class=\"wp-block-columns has-4-columns real-people is-layout-flex wp-container-core-columns-is-layout-9d6595d7 wp-block-columns-is-layout-flex\">\n<div class=\"wp-block-column is-layout-flow wp-block-column-is-layout-flow\">\n<figure class=\"wp-block-image\"><img loading=\"lazy\" decoding=\"async\" width=\"460\" height=\"460\" src=\"https:\/\/pluginkollektiv.org\/de\/wp-content\/uploads\/sites\/5\/2018\/09\/1793177.jpeg\" alt=\"\" class=\"wp-image-87\" srcset=\"https:\/\/pluginkollektiv.org\/de\/wp-content\/uploads\/sites\/5\/2018\/09\/1793177.jpeg 460w, https:\/\/pluginkollektiv.org\/de\/wp-content\/uploads\/sites\/5\/2018\/09\/1793177-150x150.jpeg 150w, https:\/\/pluginkollektiv.org\/de\/wp-content\/uploads\/sites\/5\/2018\/09\/1793177-300x300.jpeg 300w\" sizes=\"auto, (max-width: 460px) 100vw, 460px\" \/><figcaption>Bernhard Kau<\/figcaption><\/figure>\n<\/div>\n\n\n\n<div class=\"wp-block-column is-layout-flow wp-block-column-is-layout-flow\">\n<figure class=\"wp-block-image\"><img loading=\"lazy\" decoding=\"async\" width=\"460\" height=\"460\" src=\"https:\/\/pluginkollektiv.org\/de\/wp-content\/uploads\/sites\/5\/2018\/09\/133425.png\" alt=\"\" class=\"wp-image-88\" srcset=\"https:\/\/pluginkollektiv.org\/de\/wp-content\/uploads\/sites\/5\/2018\/09\/133425.png 460w, https:\/\/pluginkollektiv.org\/de\/wp-content\/uploads\/sites\/5\/2018\/09\/133425-150x150.png 150w, https:\/\/pluginkollektiv.org\/de\/wp-content\/uploads\/sites\/5\/2018\/09\/133425-300x300.png 300w\" sizes=\"auto, (max-width: 460px) 100vw, 460px\" \/><figcaption>Frank B\u00fcltge<\/figcaption><\/figure>\n<\/div>\n\n\n\n<div class=\"wp-block-column is-layout-flow wp-block-column-is-layout-flow\">\n<figure class=\"wp-block-image\"><img loading=\"lazy\" decoding=\"async\" width=\"460\" height=\"460\" src=\"https:\/\/pluginkollektiv.org\/de\/wp-content\/uploads\/sites\/5\/2018\/09\/2021167.jpeg\" alt=\"\" class=\"wp-image-91\" srcset=\"https:\/\/pluginkollektiv.org\/de\/wp-content\/uploads\/sites\/5\/2018\/09\/2021167.jpeg 460w, https:\/\/pluginkollektiv.org\/de\/wp-content\/uploads\/sites\/5\/2018\/09\/2021167-150x150.jpeg 150w, https:\/\/pluginkollektiv.org\/de\/wp-content\/uploads\/sites\/5\/2018\/09\/2021167-300x300.jpeg 300w\" sizes=\"auto, (max-width: 460px) 100vw, 460px\" \/><figcaption>\u010ceslav Przywara<\/figcaption><\/figure>\n<\/div>\n\n\n\n<div class=\"wp-block-column is-layout-flow wp-block-column-is-layout-flow\">\n<figure class=\"wp-block-image\"><img loading=\"lazy\" decoding=\"async\" width=\"460\" height=\"460\" src=\"https:\/\/pluginkollektiv.org\/de\/wp-content\/uploads\/sites\/5\/2018\/09\/21318377.jpeg\" alt=\"\" class=\"wp-image-151\" srcset=\"https:\/\/pluginkollektiv.org\/de\/wp-content\/uploads\/sites\/5\/2018\/09\/21318377.jpeg 460w, https:\/\/pluginkollektiv.org\/de\/wp-content\/uploads\/sites\/5\/2018\/09\/21318377-150x150.jpeg 150w, https:\/\/pluginkollektiv.org\/de\/wp-content\/uploads\/sites\/5\/2018\/09\/21318377-300x300.jpeg 300w\" sizes=\"auto, (max-width: 460px) 100vw, 460px\" \/><figcaption>Maja Benke<\/figcaption><\/figure>\n<\/div>\n<\/div>\n\n\n\n<div class=\"wp-block-columns has-4-columns real-people is-layout-flex wp-container-core-columns-is-layout-9d6595d7 wp-block-columns-is-layout-flex\">\n<div class=\"wp-block-column is-layout-flow wp-block-column-is-layout-flow\">\n<figure class=\"wp-block-image\"><img loading=\"lazy\" decoding=\"async\" width=\"460\" height=\"460\" src=\"https:\/\/pluginkollektiv.org\/de\/wp-content\/uploads\/sites\/5\/2018\/09\/1038789-1.jpeg\" alt=\"\" class=\"wp-image-94\" srcset=\"https:\/\/pluginkollektiv.org\/de\/wp-content\/uploads\/sites\/5\/2018\/09\/1038789-1.jpeg 460w, https:\/\/pluginkollektiv.org\/de\/wp-content\/uploads\/sites\/5\/2018\/09\/1038789-1-150x150.jpeg 150w, https:\/\/pluginkollektiv.org\/de\/wp-content\/uploads\/sites\/5\/2018\/09\/1038789-1-300x300.jpeg 300w\" sizes=\"auto, (max-width: 460px) 100vw, 460px\" \/><figcaption>Simon Kraft<\/figcaption><\/figure>\n<\/div>\n\n\n\n<div class=\"wp-block-column is-layout-flow wp-block-column-is-layout-flow\">\n<figure class=\"wp-block-image\"><img loading=\"lazy\" decoding=\"async\" width=\"250\" height=\"250\" src=\"https:\/\/pluginkollektiv.org\/de\/wp-content\/uploads\/sites\/5\/2019\/11\/torsten-landsiedel.jpg\" alt=\"\" class=\"wp-image-389\" srcset=\"https:\/\/pluginkollektiv.org\/de\/wp-content\/uploads\/sites\/5\/2019\/11\/torsten-landsiedel.jpg 250w, https:\/\/pluginkollektiv.org\/de\/wp-content\/uploads\/sites\/5\/2019\/11\/torsten-landsiedel-150x150.jpg 150w\" sizes=\"auto, (max-width: 250px) 100vw, 250px\" \/><figcaption>Torsten Landsiedel<\/figcaption><\/figure>\n<\/div>\n\n\n\n<div class=\"wp-block-column is-layout-flow wp-block-column-is-layout-flow\">\n<figure class=\"wp-block-image\"><img loading=\"lazy\" decoding=\"async\" width=\"420\" height=\"420\" src=\"https:\/\/pluginkollektiv.org\/de\/wp-content\/uploads\/sites\/5\/2018\/09\/12370952.png\" alt=\"\" class=\"wp-image-96\" srcset=\"https:\/\/pluginkollektiv.org\/de\/wp-content\/uploads\/sites\/5\/2018\/09\/12370952.png 420w, https:\/\/pluginkollektiv.org\/de\/wp-content\/uploads\/sites\/5\/2018\/09\/12370952-150x150.png 150w, https:\/\/pluginkollektiv.org\/de\/wp-content\/uploads\/sites\/5\/2018\/09\/12370952-300x300.png 300w\" sizes=\"auto, (max-width: 420px) 100vw, 420px\" \/><figcaption>Patrick Robrecht<\/figcaption><\/figure>\n<\/div>\n\n\n\n<div class=\"wp-block-column is-layout-flow wp-block-column-is-layout-flow\">\n<figure class=\"wp-block-image\"><img loading=\"lazy\" decoding=\"async\" width=\"460\" height=\"460\" src=\"https:\/\/pluginkollektiv.org\/de\/wp-content\/uploads\/sites\/5\/2018\/09\/83631.jpeg\" alt=\"\" class=\"wp-image-97\" srcset=\"https:\/\/pluginkollektiv.org\/de\/wp-content\/uploads\/sites\/5\/2018\/09\/83631.jpeg 460w, https:\/\/pluginkollektiv.org\/de\/wp-content\/uploads\/sites\/5\/2018\/09\/83631-150x150.jpeg 150w, https:\/\/pluginkollektiv.org\/de\/wp-content\/uploads\/sites\/5\/2018\/09\/83631-300x300.jpeg 300w\" sizes=\"auto, (max-width: 460px) 100vw, 460px\" \/><figcaption>Alain Schlesser<\/figcaption><\/figure>\n<\/div>\n<\/div>\n\n\n\n<div class=\"wp-block-columns has-4-columns real-people is-layout-flex wp-container-core-columns-is-layout-9d6595d7 wp-block-columns-is-layout-flex\">\n<div class=\"wp-block-column is-layout-flow wp-block-column-is-layout-flow\">\n<figure class=\"wp-block-image\"><img loading=\"lazy\" decoding=\"async\" width=\"460\" height=\"460\" src=\"https:\/\/pluginkollektiv.org\/de\/wp-content\/uploads\/sites\/5\/2018\/09\/870951.png\" alt=\"\" class=\"wp-image-101\" srcset=\"https:\/\/pluginkollektiv.org\/de\/wp-content\/uploads\/sites\/5\/2018\/09\/870951.png 460w, https:\/\/pluginkollektiv.org\/de\/wp-content\/uploads\/sites\/5\/2018\/09\/870951-150x150.png 150w, https:\/\/pluginkollektiv.org\/de\/wp-content\/uploads\/sites\/5\/2018\/09\/870951-300x300.png 300w\" sizes=\"auto, (max-width: 460px) 100vw, 460px\" \/><figcaption>Frank Neumann-Staude<\/figcaption><\/figure>\n<\/div>\n\n\n\n<div class=\"wp-block-column is-layout-flow wp-block-column-is-layout-flow\">\n<figure class=\"wp-block-image size-large\"><img loading=\"lazy\" decoding=\"async\" width=\"1017\" height=\"1024\" src=\"https:\/\/pluginkollektiv.org\/de\/wp-content\/uploads\/sites\/5\/2019\/12\/IMG_2567-1017x1024.jpg\" alt=\"\" class=\"wp-image-394\" srcset=\"https:\/\/pluginkollektiv.org\/de\/wp-content\/uploads\/sites\/5\/2019\/12\/IMG_2567-1017x1024.jpg 1017w, https:\/\/pluginkollektiv.org\/de\/wp-content\/uploads\/sites\/5\/2019\/12\/IMG_2567-298x300.jpg 298w, https:\/\/pluginkollektiv.org\/de\/wp-content\/uploads\/sites\/5\/2019\/12\/IMG_2567-150x150.jpg 150w, https:\/\/pluginkollektiv.org\/de\/wp-content\/uploads\/sites\/5\/2019\/12\/IMG_2567-768x773.jpg 768w, https:\/\/pluginkollektiv.org\/de\/wp-content\/uploads\/sites\/5\/2019\/12\/IMG_2567-1200x1208.jpg 1200w, https:\/\/pluginkollektiv.org\/de\/wp-content\/uploads\/sites\/5\/2019\/12\/IMG_2567-1400x1410.jpg 1400w, https:\/\/pluginkollektiv.org\/de\/wp-content\/uploads\/sites\/5\/2019\/12\/IMG_2567-300x302.jpg 300w, https:\/\/pluginkollektiv.org\/de\/wp-content\/uploads\/sites\/5\/2019\/12\/IMG_2567.jpg 1427w\" sizes=\"auto, (max-width: 1017px) 100vw, 1017px\" \/><figcaption>Stefan Kremer<\/figcaption><\/figure>\n<\/div>\n\n\n\n<div class=\"wp-block-column is-layout-flow wp-block-column-is-layout-flow\">\n<figure class=\"wp-block-image\"><img loading=\"lazy\" decoding=\"async\" width=\"150\" height=\"150\" src=\"https:\/\/pluginkollektiv.org\/de\/wp-content\/uploads\/sites\/5\/2018\/09\/12963621.jpeg\" alt=\"\" class=\"wp-image-100\" \/><figcaption>Stefan Kalscheuer<\/figcaption><\/figure>\n<\/div>\n\n\n\n<div class=\"wp-block-column is-layout-flow wp-block-column-is-layout-flow\">\n<figure class=\"wp-block-image\"><img loading=\"lazy\" decoding=\"async\" width=\"460\" height=\"460\" src=\"https:\/\/pluginkollektiv.org\/de\/wp-content\/uploads\/sites\/5\/2018\/09\/6458412.jpeg\" alt=\"\" class=\"wp-image-99\" srcset=\"https:\/\/pluginkollektiv.org\/de\/wp-content\/uploads\/sites\/5\/2018\/09\/6458412.jpeg 460w, https:\/\/pluginkollektiv.org\/de\/wp-content\/uploads\/sites\/5\/2018\/09\/6458412-150x150.jpeg 150w, https:\/\/pluginkollektiv.org\/de\/wp-content\/uploads\/sites\/5\/2018\/09\/6458412-300x300.jpeg 300w\" sizes=\"auto, (max-width: 460px) 100vw, 460px\" \/><figcaption>David Remer<\/figcaption><\/figure>\n<\/div>\n<\/div>\n\n\n\n<h2 class=\"wp-block-heading\">Verdiente ehemalige ContributorInnen<\/h2>\n\n\n\n<div class=\"wp-block-columns has-4-columns real-people is-layout-flex wp-container-core-columns-is-layout-9d6595d7 wp-block-columns-is-layout-flex\">\n<div class=\"wp-block-column is-layout-flow wp-block-column-is-layout-flow\">\n<figure class=\"wp-block-image\"><img loading=\"lazy\" decoding=\"async\" width=\"460\" height=\"460\" src=\"https:\/\/pluginkollektiv.org\/de\/wp-content\/uploads\/sites\/5\/2018\/09\/5300628.jpeg\" alt=\"\" class=\"wp-image-175\" srcset=\"https:\/\/pluginkollektiv.org\/de\/wp-content\/uploads\/sites\/5\/2018\/09\/5300628.jpeg 460w, https:\/\/pluginkollektiv.org\/de\/wp-content\/uploads\/sites\/5\/2018\/09\/5300628-150x150.jpeg 150w, https:\/\/pluginkollektiv.org\/de\/wp-content\/uploads\/sites\/5\/2018\/09\/5300628-300x300.jpeg 300w\" sizes=\"auto, (max-width: 460px) 100vw, 460px\" \/><figcaption>Stephanie Wiermann<\/figcaption><\/figure>\n<\/div>\n\n\n\n<div class=\"wp-block-column is-layout-flow wp-block-column-is-layout-flow\">\n<figure class=\"wp-block-image\"><img loading=\"lazy\" decoding=\"async\" width=\"460\" height=\"460\" src=\"https:\/\/pluginkollektiv.org\/de\/wp-content\/uploads\/sites\/5\/2018\/09\/1727269.jpeg\" alt=\"\" class=\"wp-image-174\" srcset=\"https:\/\/pluginkollektiv.org\/de\/wp-content\/uploads\/sites\/5\/2018\/09\/1727269.jpeg 460w, https:\/\/pluginkollektiv.org\/de\/wp-content\/uploads\/sites\/5\/2018\/09\/1727269-150x150.jpeg 150w, https:\/\/pluginkollektiv.org\/de\/wp-content\/uploads\/sites\/5\/2018\/09\/1727269-300x300.jpeg 300w\" sizes=\"auto, (max-width: 460px) 100vw, 460px\" \/><figcaption>Ralf Wiechers<\/figcaption><\/figure>\n<\/div>\n\n\n\n<div class=\"wp-block-column is-layout-flow wp-block-column-is-layout-flow\">\n<figure class=\"wp-block-image\"><img loading=\"lazy\" decoding=\"async\" width=\"460\" height=\"460\" src=\"https:\/\/pluginkollektiv.org\/de\/wp-content\/uploads\/sites\/5\/2018\/09\/308422.jpeg\" alt=\"\" class=\"wp-image-172\" srcset=\"https:\/\/pluginkollektiv.org\/de\/wp-content\/uploads\/sites\/5\/2018\/09\/308422.jpeg 460w, https:\/\/pluginkollektiv.org\/de\/wp-content\/uploads\/sites\/5\/2018\/09\/308422-150x150.jpeg 150w, https:\/\/pluginkollektiv.org\/de\/wp-content\/uploads\/sites\/5\/2018\/09\/308422-300x300.jpeg 300w\" sizes=\"auto, (max-width: 460px) 100vw, 460px\" \/><figcaption>Caspar H\u00fcbinger<\/figcaption><\/figure>\n<\/div>\n\n\n\n<div class=\"wp-block-column is-layout-flow wp-block-column-is-layout-flow\">\n<figure class=\"wp-block-image\"><img loading=\"lazy\" decoding=\"async\" width=\"460\" height=\"460\" src=\"https:\/\/pluginkollektiv.org\/de\/wp-content\/uploads\/sites\/5\/2018\/09\/841956.jpeg\" alt=\"\" class=\"wp-image-173\" srcset=\"https:\/\/pluginkollektiv.org\/de\/wp-content\/uploads\/sites\/5\/2018\/09\/841956.jpeg 460w, https:\/\/pluginkollektiv.org\/de\/wp-content\/uploads\/sites\/5\/2018\/09\/841956-150x150.jpeg 150w, https:\/\/pluginkollektiv.org\/de\/wp-content\/uploads\/sites\/5\/2018\/09\/841956-300x300.jpeg 300w\" sizes=\"auto, (max-width: 460px) 100vw, 460px\" \/><figcaption>Pascal Birchler<\/figcaption><\/figure>\n<\/div>\n<\/div>\n\n\n\n<div class=\"wp-block-columns has-4-columns real-people is-layout-flex wp-container-core-columns-is-layout-9d6595d7 wp-block-columns-is-layout-flex\">\n<div class=\"wp-block-column is-layout-flow wp-block-column-is-layout-flow\">\n<figure class=\"wp-block-image\"><img loading=\"lazy\" decoding=\"async\" width=\"460\" height=\"460\" src=\"https:\/\/pluginkollektiv.org\/de\/wp-content\/uploads\/sites\/5\/2018\/09\/368120.png\" alt=\"\" class=\"wp-image-95\" srcset=\"https:\/\/pluginkollektiv.org\/de\/wp-content\/uploads\/sites\/5\/2018\/09\/368120.png 460w, https:\/\/pluginkollektiv.org\/de\/wp-content\/uploads\/sites\/5\/2018\/09\/368120-150x150.png 150w, https:\/\/pluginkollektiv.org\/de\/wp-content\/uploads\/sites\/5\/2018\/09\/368120-300x300.png 300w\" sizes=\"auto, (max-width: 460px) 100vw, 460px\" \/><figcaption>Silvan Hagen<\/figcaption><\/figure>\n<\/div>\n\n\n\n<div class=\"wp-block-column is-layout-flow wp-block-column-is-layout-flow\">\n<figure class=\"wp-block-image\"><img loading=\"lazy\" decoding=\"async\" width=\"460\" height=\"460\" src=\"https:\/\/pluginkollektiv.org\/de\/wp-content\/uploads\/sites\/5\/2018\/09\/1146235.jpeg\" alt=\"\" class=\"wp-image-92\" srcset=\"https:\/\/pluginkollektiv.org\/de\/wp-content\/uploads\/sites\/5\/2018\/09\/1146235.jpeg 460w, https:\/\/pluginkollektiv.org\/de\/wp-content\/uploads\/sites\/5\/2018\/09\/1146235-150x150.jpeg 150w, https:\/\/pluginkollektiv.org\/de\/wp-content\/uploads\/sites\/5\/2018\/09\/1146235-300x300.jpeg 300w\" sizes=\"auto, (max-width: 460px) 100vw, 460px\" \/><figcaption>Stefan Pasch<\/figcaption><\/figure>\n<\/div>\n\n\n\n<div class=\"wp-block-column is-layout-flow wp-block-column-is-layout-flow\">\n<figure class=\"wp-block-image\"><img loading=\"lazy\" decoding=\"async\" width=\"300\" height=\"300\" src=\"https:\/\/pluginkollektiv.org\/de\/wp-content\/uploads\/sites\/5\/2018\/09\/Jessica-2018-1200x1200-300x300.jpg\" alt=\"\" class=\"wp-image-200\" srcset=\"https:\/\/pluginkollektiv.org\/de\/wp-content\/uploads\/sites\/5\/2018\/09\/Jessica-2018-1200x1200-300x300.jpg 300w, https:\/\/pluginkollektiv.org\/de\/wp-content\/uploads\/sites\/5\/2018\/09\/Jessica-2018-1200x1200-300x300-150x150.jpg 150w\" sizes=\"auto, (max-width: 300px) 100vw, 300px\" \/><figcaption>Jessica Lyschik<\/figcaption><\/figure>\n<\/div>\n\n\n\n<div class=\"wp-block-column is-layout-flow wp-block-column-is-layout-flow\">\n<p><\/p>\n<\/div>\n<\/div>\n\n\n\n<h2 class=\"wp-block-heading\">Der Pluginkollektiv &#8222;Gro\u00dfvater&#8220;<\/h2>\n\n\n\n<div class=\"wp-block-columns has-4-columns real-people is-layout-flex wp-container-core-columns-is-layout-9d6595d7 wp-block-columns-is-layout-flex\">\n<div class=\"wp-block-column is-layout-flow wp-block-column-is-layout-flow\">\n<figure class=\"wp-block-image\"><img loading=\"lazy\" decoding=\"async\" width=\"400\" height=\"400\" src=\"https:\/\/pluginkollektiv.org\/de\/wp-content\/uploads\/sites\/5\/2018\/09\/108992.png\" alt=\"\" class=\"wp-image-176\" srcset=\"https:\/\/pluginkollektiv.org\/de\/wp-content\/uploads\/sites\/5\/2018\/09\/108992.png 400w, https:\/\/pluginkollektiv.org\/de\/wp-content\/uploads\/sites\/5\/2018\/09\/108992-150x150.png 150w, https:\/\/pluginkollektiv.org\/de\/wp-content\/uploads\/sites\/5\/2018\/09\/108992-300x300.png 300w\" sizes=\"auto, (max-width: 400px) 100vw, 400px\" \/><figcaption>Sergej M\u00fcller<\/figcaption><\/figure>\n<\/div>\n\n\n\n<div class=\"wp-block-column is-layout-flow wp-block-column-is-layout-flow\">\n<p><\/p>\n<\/div>\n\n\n\n<div class=\"wp-block-column is-layout-flow wp-block-column-is-layout-flow\">\n<p><\/p>\n<\/div>\n\n\n\n<div class=\"wp-block-column is-layout-flow wp-block-column-is-layout-flow\">\n<p><\/p>\n<\/div>\n<\/div>\n","protected":false},"excerpt":{"rendered":"<p>Das Pluginkollektiv ist eine Gruppe von WordPress-Menschen aus Deutschland und ganz Europa. Wir haben uns zusammengefunden, um einige beliebte Plugins im WordPress.org-Plugin-Verzeichnis zu pflegen. Schonmal von Antispam Bee, Statify oder Cachify geh\u00f6rt? Das geht auf unsere Kappe.&nbsp;\ud83d\ude42 Das Team Du hast es dir vielleicht schon gedacht: das Pluginkollektiv besteht aus echten Menschen. Die meisten von &hellip;<\/p>\n","protected":false},"author":1,"featured_media":0,"parent":0,"menu_order":10,"comment_status":"closed","ping_status":"closed","template":"","meta":{"footnotes":""},"class_list":["post-6","page","type-page","status-publish","hentry","post","without-featured-image"],"_links":{"self":[{"href":"https:\/\/pluginkollektiv.org\/de\/wp-json\/wp\/v2\/pages\/6","targetHints":{"allow":["GET"]}}],"collection":[{"href":"https:\/\/pluginkollektiv.org\/de\/wp-json\/wp\/v2\/pages"}],"about":[{"href":"https:\/\/pluginkollektiv.org\/de\/wp-json\/wp\/v2\/types\/page"}],"author":[{"embeddable":true,"href":"https:\/\/pluginkollektiv.org\/de\/wp-json\/wp\/v2\/users\/1"}],"replies":[{"embeddable":true,"href":"https:\/\/pluginkollektiv.org\/de\/wp-json\/wp\/v2\/comments?post=6"}],"version-history":[{"count":8,"href":"https:\/\/pluginkollektiv.org\/de\/wp-json\/wp\/v2\/pages\/6\/revisions"}],"predecessor-version":[{"id":395,"href":"https:\/\/pluginkollektiv.org\/de\/wp-json\/wp\/v2\/pages\/6\/revisions\/395"}],"wp:attachment":[{"href":"https:\/\/pluginkollektiv.org\/de\/wp-json\/wp\/v2\/media?parent=6"}],"curies":[{"name":"wp","href":"https:\/\/api.w.org\/{rel}","templated":true}]}}