{"id":275,"date":"2018-09-25T18:08:45","date_gmt":"2018-09-25T16:08:45","guid":{"rendered":"https:\/\/login.pluginkollektiv.org\/deutsch\/?page_id=275"},"modified":"2021-04-21T06:53:33","modified_gmt":"2021-04-21T04:53:33","slug":"uebersetzungen","status":"publish","type":"page","link":"https:\/\/pluginkollektiv.org\/de\/mitmachen\/uebersetzungen\/","title":{"rendered":"\u00dcbersetzungen"},"content":{"rendered":"\n<p>Die \u00dcbersetzung unserer Plugins l\u00e4uft zentral auf translate.wordpress.org. Schau gern vorbei und \u00fcberpr\u00fcfe, ob deine Sprache schon fertig \u00fcbersetzt ist. Vielleicht findest du ja noch Stellen, die du verbessern kannst?<\/p>\n\n\n\n<ul class=\"wp-block-list\"><li><a href=\"https:\/\/translate.wordpress.org\/projects\/wp-plugins\/antispam-bee\">Antispam Bee<\/a><\/li><li><a href=\"https:\/\/translate.wordpress.org\/projects\/wp-plugins\/antivirus\">AntiVirus<\/a><\/li><li><a href=\"https:\/\/translate.wordpress.org\/projects\/wp-plugins\/statify\">Statify<\/a><br><\/li><li><a href=\"https:\/\/translate.wordpress.org\/projects\/wp-plugins\/cachify\">Cachify<\/a><\/li><li><a href=\"https:\/\/translate.wordpress.org\/projects\/wp-plugins\/snitch\">Snitch<\/a><\/li><\/ul>\n","protected":false},"excerpt":{"rendered":"<p>Die \u00dcbersetzung unserer Plugins l\u00e4uft zentral auf translate.wordpress.org. Schau gern vorbei und \u00fcberpr\u00fcfe, ob deine Sprache schon fertig \u00fcbersetzt ist. Vielleicht findest du ja noch Stellen, die du verbessern kannst? Antispam Bee AntiVirus Statify Cachify Snitch<\/p>\n","protected":false},"author":6,"featured_media":0,"parent":181,"menu_order":0,"comment_status":"closed","ping_status":"closed","template":"","meta":{"footnotes":""},"class_list":["post-275","page","type-page","status-publish","hentry","post","without-featured-image"],"_links":{"self":[{"href":"https:\/\/pluginkollektiv.org\/de\/wp-json\/wp\/v2\/pages\/275","targetHints":{"allow":["GET"]}}],"collection":[{"href":"https:\/\/pluginkollektiv.org\/de\/wp-json\/wp\/v2\/pages"}],"about":[{"href":"https:\/\/pluginkollektiv.org\/de\/wp-json\/wp\/v2\/types\/page"}],"author":[{"embeddable":true,"href":"https:\/\/pluginkollektiv.org\/de\/wp-json\/wp\/v2\/users\/6"}],"replies":[{"embeddable":true,"href":"https:\/\/pluginkollektiv.org\/de\/wp-json\/wp\/v2\/comments?post=275"}],"version-history":[{"count":7,"href":"https:\/\/pluginkollektiv.org\/de\/wp-json\/wp\/v2\/pages\/275\/revisions"}],"predecessor-version":[{"id":405,"href":"https:\/\/pluginkollektiv.org\/de\/wp-json\/wp\/v2\/pages\/275\/revisions\/405"}],"up":[{"embeddable":true,"href":"https:\/\/pluginkollektiv.org\/de\/wp-json\/wp\/v2\/pages\/181"}],"wp:attachment":[{"href":"https:\/\/pluginkollektiv.org\/de\/wp-json\/wp\/v2\/media?parent=275"}],"curies":[{"name":"wp","href":"https:\/\/api.w.org\/{rel}","templated":true}]}}