{"id":181,"date":"2018-09-20T14:51:42","date_gmt":"2018-09-20T12:51:42","guid":{"rendered":"https:\/\/login.login.pluginkollektiv.org\/deutsch\/main\/?page_id=181"},"modified":"2019-09-29T19:20:37","modified_gmt":"2019-09-29T17:20:37","slug":"mitmachen","status":"publish","type":"page","link":"https:\/\/pluginkollektiv.org\/de\/mitmachen\/","title":{"rendered":"Mitmachen"},"content":{"rendered":"\n<p>Alle Pluginkolletiv-Plugins werden von einer Gruppe ambitionierter BenutzerInnen und EntwicklerInnen aus ganz Europa betreut und weiterentwickelt. Egal wo du lebst oder arbeitest, du kannst an den Plugins des Kollektivs mitarbeiten und uns helfen, gro\u00dfartige und einfach zu bedienende Software zu ver\u00f6ffentlichen, die den Bed\u00fcrfnissen unserer Benutzer entspricht. Aber lasst uns zuerst einen Mythos \u00fcber Bord werfen: dass nur Geeks zu Plugins beitragen k\u00f6nnen. Das ist nicht wahr!<\/p>\n\n\n\n<p>Was auch immer deine F\u00e4higkeiten sind, es gibt viele M\u00f6glichkeiten, das Pluginkollektiv zu unterst\u00fctzen. Und du kannst davon ausgehen, dass du mindestens so viel zur\u00fcckbekommst, wie du einbringst, und je mehr du dich beteiligst, desto mehr M\u00f6glichkeiten ergeben sich. Karma rockt!<\/p>\n\n\n\n<h2 class=\"wp-block-heading\">Werde Contributor!<\/h2>\n\n\n\n<p>Unsere Plugins sind durch die Mitarbeit vieler verschiedener Personen und Organisationen erstellt. Unsere Gemeinschaft ist vielf\u00e4ltig, mit Menschen vieler verschiedener Hintergr\u00fcnde und mit unterschiedlichen Motivationen. Diese kurzen Handreichungen sollen Menschen helfen, sich in unsere Gemeinschaft einzubringen, zu verstehen, wie wir zusammenarbeiten und was wir voneinander erwarten.<\/p>\n\n\n\n<div class=\"wp-block-columns has-2-columns is-layout-flex wp-container-core-columns-is-layout-9d6595d7 wp-block-columns-is-layout-flex\">\n<div class=\"wp-block-column is-layout-flow wp-block-column-is-layout-flow\">\n<h3 class=\"wp-block-heading\" style=\"text-align:left\">Entwicklung<\/h3>\n\n\n\n<p>Du hast einen Fehler gefunden? Du m\u00f6chtest ein neues Feature f\u00fcr eines unserer Plugin vorschlagen? Wenn du Entwicklerin oder Entwickler bist, komm r\u00fcber zu uns auf GitHub. Schreib einen Issue oder noch besser: einen Commit und hilf uns, dein Lieblings-Plugin noch weiter zu verbessern.<br><a href=\"https:\/\/github.com\/pluginkollektiv\/\">Auf GitHub mitarbeiten<\/a><br><\/p>\n<\/div>\n\n\n\n<div class=\"wp-block-column is-layout-flow wp-block-column-is-layout-flow\">\n<h3 class=\"wp-block-heading\" style=\"text-align:left\">\u00dcbersetzung<\/h3>\n\n\n\n<p>Du wei\u00dft, was ein Plugin tut, aber ein englischsprachiges Backend ist dir ein Dorn im Auge? Dann finde heraus, wie der Status der \u00dcbersetzungen unserer Plugins in deine Sprache ist und hilf bei der \u00dcbersetzung.<br><a href=\"https:\/\/pluginkollektiv.org\/de\/mitmachen\/uebersetzungen\/\">Detail zu \u00dcbersetzungen<\/a><\/p>\n<\/div>\n<\/div>\n\n\n\n<div class=\"wp-block-columns has-2-columns is-layout-flex wp-container-core-columns-is-layout-9d6595d7 wp-block-columns-is-layout-flex\">\n<div class=\"wp-block-column is-layout-flow wp-block-column-is-layout-flow\">\n<h3 class=\"wp-block-heading\" style=\"text-align:left\">Dokumentation<\/h3>\n\n\n\n<p>Gro\u00dfartige Plugins brauchen gro\u00dfartige Dokumentation. Nicht jede Funktion erschlie\u00dft sich jedem Anwender auf den ersten Blick. Wenn du gerne Dokumentationen schreibst (deutsch oder englisch), <a href=\"https:\/\/pluginkollektiv.org\/de\/impressum\/\">melde dich<\/a>. Wir sind im Moment dabei, unsere Dokumentationen auf ein ganz neues Level zu bringen.<br><\/p>\n<\/div>\n\n\n\n<div class=\"wp-block-column is-layout-flow wp-block-column-is-layout-flow\">\n<h3 class=\"wp-block-heading\" style=\"text-align:left\">Support<\/h3>\n\n\n\n<p>Hilf anderen weiter und teile dein Wissen \u00fcber dein Lieblings-Plugin mit weniger erfahrenen Anwendern.<br><a href=\"https:\/\/pluginkollektiv.org\/de\/mitmachen\/support\/\">Details zu Support<\/a><br><\/p>\n<\/div>\n<\/div>\n\n\n\n<h2 class=\"wp-block-heading\">Danke, community!&nbsp;\u2764\ufe0f<\/h2>\n\n\n\n<p>Wir freuen uns \u00fcber jede einzelne Beteiligung. Egal ob Hilfe im Support, bei Dokumentation, \u00dcbersetzung oder Entwicklung ohne Freiwilligen w\u00fcrde es das Pluginkollektiv nicht geben. Unser ganzes Projekt ist ein gigantischer kollaborativer Aufwand und wir sind allen Beteiligten unendlich dankbar. Vielen Dank!<\/p>\n","protected":false},"excerpt":{"rendered":"<p>Alle Pluginkolletiv-Plugins werden von einer Gruppe ambitionierter BenutzerInnen und EntwicklerInnen aus ganz Europa betreut und weiterentwickelt. Egal wo du lebst oder arbeitest, du kannst an den Plugins des Kollektivs mitarbeiten und uns helfen, gro\u00dfartige und einfach zu bedienende Software zu ver\u00f6ffentlichen, die den Bed\u00fcrfnissen unserer Benutzer entspricht. Aber lasst uns zuerst einen Mythos \u00fcber Bord &hellip;<\/p>\n","protected":false},"author":6,"featured_media":0,"parent":0,"menu_order":0,"comment_status":"closed","ping_status":"closed","template":"","meta":{"footnotes":""},"class_list":["post-181","page","type-page","status-publish","hentry","post","without-featured-image"],"_links":{"self":[{"href":"https:\/\/pluginkollektiv.org\/de\/wp-json\/wp\/v2\/pages\/181","targetHints":{"allow":["GET"]}}],"collection":[{"href":"https:\/\/pluginkollektiv.org\/de\/wp-json\/wp\/v2\/pages"}],"about":[{"href":"https:\/\/pluginkollektiv.org\/de\/wp-json\/wp\/v2\/types\/page"}],"author":[{"embeddable":true,"href":"https:\/\/pluginkollektiv.org\/de\/wp-json\/wp\/v2\/users\/6"}],"replies":[{"embeddable":true,"href":"https:\/\/pluginkollektiv.org\/de\/wp-json\/wp\/v2\/comments?post=181"}],"version-history":[{"count":6,"href":"https:\/\/pluginkollektiv.org\/de\/wp-json\/wp\/v2\/pages\/181\/revisions"}],"predecessor-version":[{"id":378,"href":"https:\/\/pluginkollektiv.org\/de\/wp-json\/wp\/v2\/pages\/181\/revisions\/378"}],"wp:attachment":[{"href":"https:\/\/pluginkollektiv.org\/de\/wp-json\/wp\/v2\/media?parent=181"}],"curies":[{"name":"wp","href":"https:\/\/api.w.org\/{rel}","templated":true}]}}